{"id":24,"date":"2025-07-05T13:40:36","date_gmt":"2025-07-05T13:40:36","guid":{"rendered":"https:\/\/kirkkovuori.fi\/?page_id=24"},"modified":"2025-07-06T17:46:08","modified_gmt":"2025-07-06T17:46:08","slug":"tietoa-ja-historiaa","status":"publish","type":"page","link":"https:\/\/kirkkovuori.fi\/?page_id=24","title":{"rendered":"Tietoa ja historiaa"},"content":{"rendered":"\t\t<div data-elementor-type=\"wp-page\" data-elementor-id=\"24\" class=\"elementor elementor-24\">\n\t\t\t\t<div class=\"elementor-element elementor-element-8bb3af5 e-flex e-con-boxed e-con e-parent\" data-id=\"8bb3af5\" data-element_type=\"container\" data-settings=\"{&quot;background_background&quot;:&quot;classic&quot;}\">\n\t\t\t\t\t<div class=\"e-con-inner\">\n\t\t\t\t<div class=\"elementor-element elementor-element-f646372 elementor-widget elementor-widget-heading\" data-id=\"f646372\" data-element_type=\"widget\" data-widget_type=\"heading.default\">\n\t\t\t\t\t<h1 class=\"elementor-heading-title elementor-size-default\">Tietoa &amp; historiaa<\/h1>\t\t\t\t<\/div>\n\t\t\t\t\t<\/div>\n\t\t\t\t<\/div>\n\t\t<div class=\"elementor-element elementor-element-49eb557 e-flex e-con-boxed e-con e-parent\" data-id=\"49eb557\" data-element_type=\"container\">\n\t\t\t\t\t<div class=\"e-con-inner\">\n\t\t\t\t<div class=\"elementor-element elementor-element-ab4bf7e elementor-widget elementor-widget-heading\" data-id=\"ab4bf7e\" data-element_type=\"widget\" data-widget_type=\"heading.default\">\n\t\t\t\t\t<h2 class=\"elementor-heading-title elementor-size-default\">Kirkkovuoren historiaa<\/h2>\t\t\t\t<\/div>\n\t\t\t\t<div class=\"elementor-element elementor-element-51977b7 elementor-widget elementor-widget-text-editor\" data-id=\"51977b7\" data-element_type=\"widget\" data-widget_type=\"text-editor.default\">\n\t\t\t\t\t\t\t\t\t<div class=\"elementor-element elementor-element-b123d01 elementor-widget elementor-widget-text-editor\" data-id=\"b123d01\" data-element_type=\"widget\" data-widget_type=\"text-editor.default\"><div class=\"elementor-widget-container\"><div class=\"elementor-text-editor elementor-clearfix\"><p>Vuonna 1815 vuorelle suunniteltiin rakennettavaksi Karstulan kirkko. Perim\u00e4tiedon mukaan<br \/>paikalle rahdattiin jo melkoinen m\u00e4\u00e4r\u00e4 rakennuspuita. Lopulta kirkko rakennettiin kuitenkin helpompaan<br \/>maastoon parin kilometrin p\u00e4\u00e4h\u00e4n nykyiselle paikalleen. Kallioon ehdittiin kuitenkin hakata<br \/>vuosiluku 1815 rakennushankkeen merkiksi. Kaiverrus on n\u00e4ht\u00e4viss\u00e4 n\u00e4k\u00f6tornin sis\u00e4\u00e4nk\u00e4ynnin<br \/>edess\u00e4. Vahinko, ett\u00e4 rakennushanke tyss\u00e4ytyi, sill\u00e4 kirkko t\u00e4llaisella paikalla olisi koko<br \/>valtakunnan ihmettelyn kohde ja matkailun\u00e4ht\u00e4vyys. Puhumattakaan, ett\u00e4 leijonaveljet olisivat<br \/>s\u00e4\u00e4styneet vuosien uurastukselta rakentaessaan ja kehitt\u00e4ess\u00e4\u00e4n nykyist\u00e4<br \/>luontomatkailualuetta.<\/p><p>Alueella on sijainnut my\u00f6s tanssilava ja hyppyrim\u00e4ki, joka kaatui 1950-luvulla ukkosmyrskyss\u00e4<br \/>tanssilavan p\u00e4\u00e4lle. Monta mehev\u00e4\u00e4 tarinaa liikkuu viel\u00e4 kansan keskuudessa paikkakunnan<br \/>\u201dmattinyk\u00e4sist\u00e4\u201d.<\/p><p>Tarinan mukaan vuoren uumenissa on my\u00f6s luolia, joissa ihmisi\u00e4 olisi piileskellyt Isovihan<br \/>aikaan. Tied\u00e4 h\u00e4nt\u00e4! Tosin sen tied\u00e4mme, ett\u00e4 ainakin alueella on asunut voimakas<br \/>m\u00f6rk\u00f6populaatio, joka nyt on palailemassa maailman \u00e4\u00e4rist\u00e4 kotikonnuilleen. ( Lue lis\u00e4\u00e4 luontomatkailualue- ja NFC-t\u00e4gi -sivuilta.)<\/p><p>Karstulan kunta hankki Kirkkovuoren alueen 1970-luvulla tarkoituksena rakentaa laskettelurinne.<br \/>Se ei kuitenkaan toteutunut ja alue \u201dunohtui\u201d, kunnes LC Karstulan veljet syttyiv\u00e4t<br \/>uuteen ideaan!<\/p><\/div><\/div><\/div><div class=\"elementor-element elementor-element-78d764a elementor-widget elementor-widget-spacer\" data-id=\"78d764a\" data-element_type=\"widget\" data-widget_type=\"spacer.default\"><div class=\"elementor-widget-container\"><div class=\"elementor-spacer\">\u00a0<\/div><\/div><\/div>\t\t\t\t\t\t\t\t<\/div>\n\t\t\t\t\t<\/div>\n\t\t\t\t<\/div>\n\t\t<div class=\"elementor-element elementor-element-ba02ad5 e-flex e-con-boxed e-con e-parent\" data-id=\"ba02ad5\" data-element_type=\"container\">\n\t\t\t\t\t<div class=\"e-con-inner\">\n\t\t\t\t<div class=\"elementor-element elementor-element-59b3fc1 elementor-widget elementor-widget-heading\" data-id=\"59b3fc1\" data-element_type=\"widget\" data-widget_type=\"heading.default\">\n\t\t\t\t\t<h3 class=\"elementor-heading-title elementor-size-default\">Luoko-hanke<\/h3>\t\t\t\t<\/div>\n\t\t\t\t<div class=\"elementor-element elementor-element-1d798a8 elementor-widget elementor-widget-text-editor\" data-id=\"1d798a8\" data-element_type=\"widget\" data-widget_type=\"text-editor.default\">\n\t\t\t\t\t\t\t\t\t<div class=\"elementor-element elementor-element-8c94b61 elementor-widget elementor-widget-text-editor\" data-id=\"8c94b61\" data-element_type=\"widget\" data-widget_type=\"text-editor.default\"><div class=\"elementor-widget-container\"><div class=\"elementor-text-editor elementor-clearfix\"><p>LUOKO on Keski-Suomen ELY-keskuksen ja Leader Viisarin rahoittama ajalle 1.4.2018 \u2013 30.3.2022 ajoittuva LC Karstulan hanke. Hankkeen tavoitteena on, ett\u00e4 Kirkkovuoren luontomatkailualueella k\u00e4vij\u00e4 saa \u00e4lypuhelimeensa alueelle sijoitetuista NFC-t\u00e4geist\u00e4 niihin ohjelmoitua tietoa Kirkkovuoren n\u00e4k\u00f6tornista, M\u00f6rk\u00f6maasta ja Leader Viisari-alueen matkailijoille keskeisist\u00e4 palveluista. Samaa tietoa (pl. M\u00f6rk\u00f6polun varrella olevat NFC-t\u00e4git \/ sadut, kysymykset, kilpailut yms.) on saatavilla my\u00f6s Kirkkovuori.fi palvelusta.<\/p><\/div><\/div><\/div><section class=\"elementor-section elementor-inner-section elementor-element elementor-element-7b83bb1a elementor-section-content-middle elementor-section-boxed elementor-section-height-default elementor-section-height-default\" data-id=\"7b83bb1a\" data-element_type=\"section\"><div class=\"elementor-container elementor-column-gap-no\"><div class=\"elementor-row\"><div class=\"elementor-column elementor-col-50 elementor-inner-column elementor-element elementor-element-45cc54d1\" data-id=\"45cc54d1\" data-element_type=\"column\"><div class=\"elementor-column-wrap elementor-element-populated\"><div class=\"elementor-widget-wrap\"><div class=\"elementor-element elementor-element-75d7e5e7 elementor-widget elementor-widget-image\" data-id=\"75d7e5e7\" data-element_type=\"widget\" data-widget_type=\"image.default\"><div class=\"elementor-widget-container\">\u00a0<\/div><\/div><\/div><\/div><\/div><\/div><\/div><\/section>\t\t\t\t\t\t\t\t<\/div>\n\t\t<div class=\"elementor-element elementor-element-82ce8a4 e-grid e-con-full e-con e-child\" data-id=\"82ce8a4\" data-element_type=\"container\">\n\t\t\t\t<div class=\"elementor-element elementor-element-f548e01 elementor-widget elementor-widget-image\" data-id=\"f548e01\" data-element_type=\"widget\" data-widget_type=\"image.default\">\n\t\t\t\t\t\t\t\t\t\t\t\t\t\t\t<img decoding=\"async\" width=\"300\" height=\"47\" src=\"https:\/\/kirkkovuori.fi\/wp-content\/uploads\/2025\/07\/Maaseudun-kehittamisrahasto-300x47.png\" class=\"attachment-medium size-medium wp-image-26\" alt=\"\" srcset=\"https:\/\/kirkkovuori.fi\/wp-content\/uploads\/2025\/07\/Maaseudun-kehittamisrahasto-300x47.png 300w, https:\/\/kirkkovuori.fi\/wp-content\/uploads\/2025\/07\/Maaseudun-kehittamisrahasto.png 568w\" sizes=\"(max-width: 300px) 100vw, 300px\" \/>\t\t\t\t\t\t\t\t\t\t\t\t\t\t\t<\/div>\n\t\t\t\t<div class=\"elementor-element elementor-element-d0b5ba4 elementor-widget elementor-widget-image\" data-id=\"d0b5ba4\" data-element_type=\"widget\" data-widget_type=\"image.default\">\n\t\t\t\t\t\t\t\t\t\t\t\t\t\t\t<img decoding=\"async\" src=\"https:\/\/kirkkovuori.fi\/wp-content\/uploads\/elementor\/thumbs\/LeaderlogorgbEUISO-150x150-1-r8bbkzs9xksafb2jgwhl1st6a0ywi0ja4nbxw6qf3c.jpg\" title=\"LeaderlogorgbEUISO-150&#215;150-1\" alt=\"LeaderlogorgbEUISO-150x150-1\" loading=\"lazy\" \/>\t\t\t\t\t\t\t\t\t\t\t\t\t\t\t<\/div>\n\t\t\t\t<\/div>\n\t\t\t\t\t<\/div>\n\t\t\t\t<\/div>\n\t\t<div class=\"elementor-element elementor-element-74a0a8a e-flex e-con-boxed e-con e-parent\" data-id=\"74a0a8a\" data-element_type=\"container\">\n\t\t\t\t\t<div class=\"e-con-inner\">\n\t\t\t\t<div class=\"elementor-element elementor-element-ea2c609 elementor-widget elementor-widget-heading\" data-id=\"ea2c609\" data-element_type=\"widget\" data-widget_type=\"heading.default\">\n\t\t\t\t\t<h3 class=\"elementor-heading-title elementor-size-default\">Kirkkovuoren ovat toteuttaneet<\/h3>\t\t\t\t<\/div>\n\t\t<div class=\"elementor-element elementor-element-91bde0b e-grid e-con-full e-con e-child\" data-id=\"91bde0b\" data-element_type=\"container\">\n\t\t\t\t<div class=\"elementor-element elementor-element-67c394d elementor-widget elementor-widget-image\" data-id=\"67c394d\" data-element_type=\"widget\" data-widget_type=\"image.default\">\n\t\t\t\t\t\t\t\t\t\t\t\t\t\t\t<img decoding=\"async\" width=\"150\" height=\"150\" src=\"https:\/\/kirkkovuori.fi\/wp-content\/uploads\/2025\/07\/lion_logo_pieni_2.jpg-300x300-cropcenter-150x150-1.jpg\" class=\"attachment-medium size-medium wp-image-28\" alt=\"\" \/>\t\t\t\t\t\t\t\t\t\t\t\t\t\t\t<\/div>\n\t\t\t\t<div class=\"elementor-element elementor-element-9139e67 elementor-widget elementor-widget-image\" data-id=\"9139e67\" data-element_type=\"widget\" data-widget_type=\"image.default\">\n\t\t\t\t\t\t\t\t\t\t\t\t\t\t\t<img decoding=\"async\" width=\"300\" height=\"60\" src=\"https:\/\/kirkkovuori.fi\/wp-content\/uploads\/2025\/07\/6026845-00241855-Karstulankunta-300x60.png\" class=\"attachment-medium size-medium wp-image-29\" alt=\"\" srcset=\"https:\/\/kirkkovuori.fi\/wp-content\/uploads\/2025\/07\/6026845-00241855-Karstulankunta-300x60.png 300w, https:\/\/kirkkovuori.fi\/wp-content\/uploads\/2025\/07\/6026845-00241855-Karstulankunta.png 501w\" sizes=\"(max-width: 300px) 100vw, 300px\" \/>\t\t\t\t\t\t\t\t\t\t\t\t\t\t\t<\/div>\n\t\t\t\t<\/div>\n\t\t\t\t<div class=\"elementor-element elementor-element-d2b1ef9 elementor-widget elementor-widget-heading\" data-id=\"d2b1ef9\" data-element_type=\"widget\" data-widget_type=\"heading.default\">\n\t\t\t\t\t<h3 class=\"elementor-heading-title elementor-size-default\">yhteisty\u00f6kumppaneineen<\/h3>\t\t\t\t<\/div>\n\t\t\t\t\t<\/div>\n\t\t\t\t<\/div>\n\t\t\t\t<\/div>\n\t\t","protected":false},"excerpt":{"rendered":"<p>Tietoa &amp; historiaa Kirkkovuoren historiaa Vuonna 1815 vuorelle suunniteltiin rakennettavaksi Karstulan kirkko. Perim\u00e4tiedon mukaanpaikalle rahdattiin jo melkoinen m\u00e4\u00e4r\u00e4 rakennuspuita. Lopulta kirkko rakennettiin kuitenkin helpompaanmaastoon parin kilometrin p\u00e4\u00e4h\u00e4n nykyiselle paikalleen. Kallioon ehdittiin kuitenkin hakatavuosiluku 1815 rakennushankkeen merkiksi. Kaiverrus on n\u00e4ht\u00e4viss\u00e4 n\u00e4k\u00f6tornin sis\u00e4\u00e4nk\u00e4ynninedess\u00e4. Vahinko, ett\u00e4 rakennushanke tyss\u00e4ytyi, sill\u00e4 kirkko t\u00e4llaisella paikalla olisi kokovaltakunnan ihmettelyn kohde ja matkailun\u00e4ht\u00e4vyys. [&hellip;]<\/p>\n","protected":false},"author":1,"featured_media":0,"parent":0,"menu_order":0,"comment_status":"closed","ping_status":"closed","template":"","meta":{"footnotes":""},"class_list":["post-24","page","type-page","status-publish","hentry"],"_links":{"self":[{"href":"https:\/\/kirkkovuori.fi\/index.php?rest_route=\/wp\/v2\/pages\/24","targetHints":{"allow":["GET"]}}],"collection":[{"href":"https:\/\/kirkkovuori.fi\/index.php?rest_route=\/wp\/v2\/pages"}],"about":[{"href":"https:\/\/kirkkovuori.fi\/index.php?rest_route=\/wp\/v2\/types\/page"}],"author":[{"embeddable":true,"href":"https:\/\/kirkkovuori.fi\/index.php?rest_route=\/wp\/v2\/users\/1"}],"replies":[{"embeddable":true,"href":"https:\/\/kirkkovuori.fi\/index.php?rest_route=%2Fwp%2Fv2%2Fcomments&post=24"}],"version-history":[{"count":11,"href":"https:\/\/kirkkovuori.fi\/index.php?rest_route=\/wp\/v2\/pages\/24\/revisions"}],"predecessor-version":[{"id":138,"href":"https:\/\/kirkkovuori.fi\/index.php?rest_route=\/wp\/v2\/pages\/24\/revisions\/138"}],"wp:attachment":[{"href":"https:\/\/kirkkovuori.fi\/index.php?rest_route=%2Fwp%2Fv2%2Fmedia&parent=24"}],"curies":[{"name":"wp","href":"https:\/\/api.w.org\/{rel}","templated":true}]}}