{"id":33,"date":"2025-07-05T13:48:09","date_gmt":"2025-07-05T13:48:09","guid":{"rendered":"https:\/\/kirkkovuori.fi\/?page_id=33"},"modified":"2025-07-06T17:44:21","modified_gmt":"2025-07-06T17:44:21","slug":"luontomatkailualue","status":"publish","type":"page","link":"https:\/\/kirkkovuori.fi\/?page_id=33","title":{"rendered":"Luontomatkailualue"},"content":{"rendered":"\t\t<div data-elementor-type=\"wp-page\" data-elementor-id=\"33\" class=\"elementor elementor-33\">\n\t\t\t\t<div class=\"elementor-element elementor-element-8822234 e-flex e-con-boxed e-con e-parent\" data-id=\"8822234\" data-element_type=\"container\" data-settings=\"{&quot;background_background&quot;:&quot;classic&quot;}\">\n\t\t\t\t\t<div class=\"e-con-inner\">\n\t\t\t\t<div class=\"elementor-element elementor-element-013a8db elementor-widget elementor-widget-heading\" data-id=\"013a8db\" data-element_type=\"widget\" data-widget_type=\"heading.default\">\n\t\t\t\t\t<h1 class=\"elementor-heading-title elementor-size-default\">Luontomatkailualue<\/h1>\t\t\t\t<\/div>\n\t\t\t\t\t<\/div>\n\t\t\t\t<\/div>\n\t\t<div class=\"elementor-element elementor-element-fb7b550 e-con-full e-flex e-con e-parent\" data-id=\"fb7b550\" data-element_type=\"container\">\n\t\t<div class=\"elementor-element elementor-element-94801f1 e-grid e-con-full e-con e-child\" data-id=\"94801f1\" data-element_type=\"container\">\n\t\t<div class=\"elementor-element elementor-element-8db3c5e e-con-full e-flex e-con e-child\" data-id=\"8db3c5e\" data-element_type=\"container\">\n\t\t\t\t<div class=\"elementor-element elementor-element-093cb7a elementor-widget elementor-widget-heading\" data-id=\"093cb7a\" data-element_type=\"widget\" data-widget_type=\"heading.default\">\n\t\t\t\t\t<h3 class=\"elementor-heading-title elementor-size-default\">N\u00e4k\u00f6torni<\/h3>\t\t\t\t<\/div>\n\t\t\t\t<div class=\"elementor-element elementor-element-5fcc508 elementor-widget elementor-widget-text-editor\" data-id=\"5fcc508\" data-element_type=\"widget\" data-widget_type=\"text-editor.default\">\n\t\t\t\t\t\t\t\t\t<p>LC Karstulan 50-vuotistaipaleen juhlistamisesta alkunsa saanut Kirkkovuoren n\u00e4k\u00f6torni sijaitsee P\u00e4\u00e4j\u00e4rvenm\u00e4ell\u00e4 l\u00e4hell\u00e4 Karstulan kirkonkyl\u00e4\u00e4. Tornin suunnittelussa mukailtiin arkkitehti W.G. Palmqvistin vuonna 1920 piirt\u00e4m\u00e4\u00e4 n\u00e4k\u00f6tornin luonnosta. T\u00e4m\u00e4 n\u00e4k\u00f6torni on tiett\u00e4v\u00e4sti maailman korkein, hirsirunkoinen rakennus, k\u00e4sitt\u00e4en 100 hirsivarvia. Yli 20 metri\u00e4 korkeasta n\u00e4k\u00f6tornista avautuu P\u00e4\u00e4j\u00e4rven yli huikeat n\u00e4kym\u00e4t kauas upeaan keskisuomalaiseen luontoon, Riuttasalmen sillalle sek\u00e4 Karstulan keskustaan. N\u00e4k\u00f6tornille johtaa 350 metri\u00e4 pitk\u00e4 luontopolku ja nousua on noin 60 metri\u00e4. Tornin juurella on kalliolaavu, luontokirkko sek\u00e4 M\u00f6rk\u00f6maan alue. N\u00e4k\u00f6torni avattiin matkailijoiden k\u00e4ytt\u00f6\u00f6n 28.6.2008.<\/p><p>Kirkkovuoren n\u00e4k\u00f6tornille on vapaa p\u00e4\u00e4sy ymp\u00e4ri vuoden. Toki alueen yll\u00e4pit\u00e4j\u00e4 LC Karstula ilahtuisi kolikoiden kilahduksesta niiden pudotessa tornin ovenpieless\u00e4 sijaitsevaan Fieandtin piippuun!<\/p>\t\t\t\t\t\t\t\t<\/div>\n\t\t\t\t<\/div>\n\t\t\t\t<div class=\"elementor-element elementor-element-fc0575e elementor-widget elementor-widget-image\" data-id=\"fc0575e\" data-element_type=\"widget\" data-widget_type=\"image.default\">\n\t\t\t\t\t\t\t\t\t\t\t\t\t\t\t<img fetchpriority=\"high\" decoding=\"async\" width=\"185\" height=\"432\" src=\"https:\/\/kirkkovuori.fi\/wp-content\/uploads\/2025\/07\/nakotorni-1.png\" class=\"attachment-large size-large wp-image-36\" alt=\"\" srcset=\"https:\/\/kirkkovuori.fi\/wp-content\/uploads\/2025\/07\/nakotorni-1.png 185w, https:\/\/kirkkovuori.fi\/wp-content\/uploads\/2025\/07\/nakotorni-1-128x300.png 128w\" sizes=\"(max-width: 185px) 100vw, 185px\" \/>\t\t\t\t\t\t\t\t\t\t\t\t\t\t\t<\/div>\n\t\t\t\t<\/div>\n\t\t<div class=\"elementor-element elementor-element-e9e197e e-grid e-con-full e-con e-child\" data-id=\"e9e197e\" data-element_type=\"container\">\n\t\t\t\t<div class=\"elementor-element elementor-element-e9a375c elementor-widget elementor-widget-image\" data-id=\"e9a375c\" data-element_type=\"widget\" data-widget_type=\"image.default\">\n\t\t\t\t\t\t\t\t\t\t\t\t\t\t\t<img decoding=\"async\" width=\"191\" height=\"318\" src=\"https:\/\/kirkkovuori.fi\/wp-content\/uploads\/2025\/07\/morkomaa_logo-1.png\" class=\"attachment-large size-large wp-image-37\" alt=\"\" srcset=\"https:\/\/kirkkovuori.fi\/wp-content\/uploads\/2025\/07\/morkomaa_logo-1.png 191w, https:\/\/kirkkovuori.fi\/wp-content\/uploads\/2025\/07\/morkomaa_logo-1-180x300.png 180w\" sizes=\"(max-width: 191px) 100vw, 191px\" \/>\t\t\t\t\t\t\t\t\t\t\t\t\t\t\t<\/div>\n\t\t<div class=\"elementor-element elementor-element-d235c6e e-con-full e-flex e-con e-child\" data-id=\"d235c6e\" data-element_type=\"container\">\n\t\t\t\t<div class=\"elementor-element elementor-element-ade33d7 elementor-widget elementor-widget-heading\" data-id=\"ade33d7\" data-element_type=\"widget\" data-widget_type=\"heading.default\">\n\t\t\t\t\t<h3 class=\"elementor-heading-title elementor-size-default\">M\u00f6rk\u00f6maa<\/h3>\t\t\t\t<\/div>\n\t\t\t\t<div class=\"elementor-element elementor-element-3f48765 elementor-widget elementor-widget-text-editor\" data-id=\"3f48765\" data-element_type=\"widget\" data-widget_type=\"text-editor.default\">\n\t\t\t\t\t\t\t\t\t<p>Karstulan Leijonien kuuleman \u201dperim\u00e4tiedon\u201d mukaan Kirkkovuoren kupeella asusteli noin 10.000 vuotta sitten ahkera m\u00f6rk\u00f6populaatio. J\u00e4\u00e4kausi pakotti asujaimiston varsin tuuheasta karvoituksestaan huolimatta j\u00e4tt\u00e4m\u00e4\u00e4n armaat kotikolonsa ja etsim\u00e4\u00e4n l\u00e4mpim\u00e4mpi\u00e4 seutuja. M\u00f6rk\u00f6populaatio hajaantui ymp\u00e4ri maailmaa ja koko pohjoinen m\u00f6rk\u00f6kulttuuri oli menetetty ikiajoiksi. Vai oliko?<\/p><p>LC Karstulan veljet olivat kuulleet huhuja kuinka eri puolilla maailmaa m\u00f6r\u00f6t olivat joutuneet vaikeuksiin elinolojen muuttuessa saastumisen ja ilmastonmuutoksen kourissa. Niinp\u00e4 veljet ottivat ongelmassa yhteytt\u00e4 kunnan p\u00e4\u00e4tt\u00e4jiin, tiet\u00e4en kunnan my\u00f6nteisen suhtautumisen tonttipolitiikkaan ja tuota pikaa oli kolmen hehtaarin M\u00f6rk\u00f6maan alue kaavoitettu \u201dpaluumuuttajien\u201d asuinalueeksi. T\u00e4ll\u00e4 hetkell\u00e4 muuttopuuhissa ovat ainakin M\u00f6rk\u00f6herra Herbert Ylinitzel, Igor ja Banjo Botnia sukukuntineen. M\u00f6rk\u00f6maan upea luontokohde m\u00f6rk\u00f6polkuineen on erityisesti lasten ja nuorison suosiossa. Ei suositella korkokenki\u00e4!<\/p><p>\u00a0<\/p>\t\t\t\t\t\t\t\t<\/div>\n\t\t\t\t<\/div>\n\t\t\t\t<\/div>\n\t\t<div class=\"elementor-element elementor-element-0c07d1b e-grid e-con-full e-con e-child\" data-id=\"0c07d1b\" data-element_type=\"container\">\n\t\t<div class=\"elementor-element elementor-element-b171f18 e-con-full e-flex e-con e-child\" data-id=\"b171f18\" data-element_type=\"container\">\n\t\t\t\t<div class=\"elementor-element elementor-element-837e25e elementor-widget elementor-widget-heading\" data-id=\"837e25e\" data-element_type=\"widget\" data-widget_type=\"heading.default\">\n\t\t\t\t\t<h3 class=\"elementor-heading-title elementor-size-default\">Luontokirkko<\/h3>\t\t\t\t<\/div>\n\t\t\t\t<div class=\"elementor-element elementor-element-15c54a6 elementor-widget elementor-widget-text-editor\" data-id=\"15c54a6\" data-element_type=\"widget\" data-widget_type=\"text-editor.default\">\n\t\t\t\t\t\t\t\t\t<p>Kirkkovuori ja sen historia velvoittivat LC Karstulan velji\u00e4 toteuttamaan karstusten vuosisataisen haaveen kirkon rakentamisesta. Kirkko rakennettiin kuitenkin hieman kevyemmin \u2013 tai ehk\u00e4 ei sittenk\u00e4\u00e4n. Penkkein\u00e4 toimii kymmeni\u00e4 lohkokivi\u00e4 ja alttaritauluna muutaman metrin korkeuteen pystysuorasti nouseva peruskallio ja kattona \u2013 taivas. Kallioon pultattu takorautainen risti on myn\u00e4m\u00e4kel\u00e4isen sep\u00e4n taidonn\u00e4yte. Perinteisesti luontokirkossa pidet\u00e4\u00e4n Jumalanpalvelus toisena juhannusp\u00e4iv\u00e4n\u00e4. Vihje avioliittoon aikoville: n\u00e4ill\u00e4 peruskallioilla lausuttu vihkivala kest\u00e4\u00e4!<\/p><p>\u00a0<\/p>\t\t\t\t\t\t\t\t<\/div>\n\t\t\t\t<\/div>\n\t\t\t\t<div class=\"elementor-element elementor-element-6bcfd75 elementor-widget elementor-widget-image\" data-id=\"6bcfd75\" data-element_type=\"widget\" data-widget_type=\"image.default\">\n\t\t\t\t\t\t\t\t\t\t\t\t\t\t\t<img decoding=\"async\" width=\"300\" height=\"239\" src=\"https:\/\/kirkkovuori.fi\/wp-content\/uploads\/2025\/07\/kirkkovuori_luontokirkko-2-300x239.png\" class=\"attachment-medium size-medium wp-image-38\" alt=\"\" srcset=\"https:\/\/kirkkovuori.fi\/wp-content\/uploads\/2025\/07\/kirkkovuori_luontokirkko-2-300x239.png 300w, https:\/\/kirkkovuori.fi\/wp-content\/uploads\/2025\/07\/kirkkovuori_luontokirkko-2.png 417w\" sizes=\"(max-width: 300px) 100vw, 300px\" \/>\t\t\t\t\t\t\t\t\t\t\t\t\t\t\t<\/div>\n\t\t\t\t<\/div>\n\t\t<div class=\"elementor-element elementor-element-1f75dd4 e-grid e-con-full e-con e-child\" data-id=\"1f75dd4\" data-element_type=\"container\">\n\t\t\t\t<div class=\"elementor-element elementor-element-c277d65 elementor-widget elementor-widget-image\" data-id=\"c277d65\" data-element_type=\"widget\" data-widget_type=\"image.default\">\n\t\t\t\t\t\t\t\t\t\t\t\t\t\t\t<img loading=\"lazy\" decoding=\"async\" width=\"463\" height=\"217\" src=\"https:\/\/kirkkovuori.fi\/wp-content\/uploads\/2025\/07\/kalliolaavu.png\" class=\"attachment-large size-large wp-image-39\" alt=\"\" srcset=\"https:\/\/kirkkovuori.fi\/wp-content\/uploads\/2025\/07\/kalliolaavu.png 463w, https:\/\/kirkkovuori.fi\/wp-content\/uploads\/2025\/07\/kalliolaavu-300x141.png 300w\" sizes=\"(max-width: 463px) 100vw, 463px\" \/>\t\t\t\t\t\t\t\t\t\t\t\t\t\t\t<\/div>\n\t\t<div class=\"elementor-element elementor-element-1d2d932 e-con-full e-flex e-con e-child\" data-id=\"1d2d932\" data-element_type=\"container\">\n\t\t\t\t<div class=\"elementor-element elementor-element-b3aa6ca elementor-widget elementor-widget-heading\" data-id=\"b3aa6ca\" data-element_type=\"widget\" data-widget_type=\"heading.default\">\n\t\t\t\t\t<h3 class=\"elementor-heading-title elementor-size-default\">kalliolaavu<\/h3>\t\t\t\t<\/div>\n\t\t\t\t<div class=\"elementor-element elementor-element-2563a4d elementor-widget elementor-widget-text-editor\" data-id=\"2563a4d\" data-element_type=\"widget\" data-widget_type=\"text-editor.default\">\n\t\t\t\t\t\t\t\t\t<p>N\u00e4lk\u00e4 kasvaa sy\u00f6dess\u00e4? Ennen kuin Leijonien 3000-tuntinen urakka tornin kimpussa oli saatu p\u00e4\u00e4t\u00f6kseen, ideat alueen muusta hy\u00f6dynt\u00e4misest\u00e4 r\u00f6nsyiliv\u00e4t jo. Niinp\u00e4 veljet huomasivat sitoutuneensa vaivihkaa toiseen samanmoiseen urakkaan. Tornin juurella sijaitsevan kallion erikoiset muodot ruokkivat mielikuvitusta ehk\u00e4 maailman erikoisimpiin kuuluvan laavun toteuttamiseen.<\/p><p>Massiivinen muurikivisein\u00e4inen ja liuskekivikattoinen kaksiosainen eri tasoihin toteutettu noin 50 istumapaikan rakennelma laittaakin ihmettelem\u00e4\u00e4n: kumpi oli ensin piirustukset vai laavu. Tokko arvoitus munasta ja kanastakaan on selvinnyt? No siin\u00e4 ne nyt ainakin ovat peruskallioon muurattuna 100 kappaletta karstusia lohkokivi\u00e4 ja tonnikaupalla liuskekivi\u00e4. Kelpaa siihen istahtaa makkaratulille aikaa ja ajattomuutta miettim\u00e4\u00e4n. Tuleen tuijottajat!<\/p>\t\t\t\t\t\t\t\t<\/div>\n\t\t\t\t<\/div>\n\t\t\t\t<\/div>\n\t\t\t\t<div class=\"elementor-element elementor-element-b771a19 elementor-widget elementor-widget-text-editor\" data-id=\"b771a19\" data-element_type=\"widget\" data-widget_type=\"text-editor.default\">\n\t\t\t\t\t\t\t\t\t<p>Alueella lienee my\u00f6s geok\u00e4tk\u00f6<\/p>\t\t\t\t\t\t\t\t<\/div>\n\t\t\t\t<\/div>\n\t\t\t\t<\/div>\n\t\t","protected":false},"excerpt":{"rendered":"<p>Luontomatkailualue N\u00e4k\u00f6torni LC Karstulan 50-vuotistaipaleen juhlistamisesta alkunsa saanut Kirkkovuoren n\u00e4k\u00f6torni sijaitsee P\u00e4\u00e4j\u00e4rvenm\u00e4ell\u00e4 l\u00e4hell\u00e4 Karstulan kirkonkyl\u00e4\u00e4. Tornin suunnittelussa mukailtiin arkkitehti W.G. Palmqvistin vuonna 1920 piirt\u00e4m\u00e4\u00e4 n\u00e4k\u00f6tornin luonnosta. T\u00e4m\u00e4 n\u00e4k\u00f6torni on tiett\u00e4v\u00e4sti maailman korkein, hirsirunkoinen rakennus, k\u00e4sitt\u00e4en 100 hirsivarvia. Yli 20 metri\u00e4 korkeasta n\u00e4k\u00f6tornista avautuu P\u00e4\u00e4j\u00e4rven yli huikeat n\u00e4kym\u00e4t kauas upeaan keskisuomalaiseen luontoon, Riuttasalmen sillalle sek\u00e4 Karstulan [&hellip;]<\/p>\n","protected":false},"author":1,"featured_media":0,"parent":0,"menu_order":0,"comment_status":"closed","ping_status":"closed","template":"","meta":{"footnotes":""},"class_list":["post-33","page","type-page","status-publish","hentry"],"_links":{"self":[{"href":"https:\/\/kirkkovuori.fi\/index.php?rest_route=\/wp\/v2\/pages\/33","targetHints":{"allow":["GET"]}}],"collection":[{"href":"https:\/\/kirkkovuori.fi\/index.php?rest_route=\/wp\/v2\/pages"}],"about":[{"href":"https:\/\/kirkkovuori.fi\/index.php?rest_route=\/wp\/v2\/types\/page"}],"author":[{"embeddable":true,"href":"https:\/\/kirkkovuori.fi\/index.php?rest_route=\/wp\/v2\/users\/1"}],"replies":[{"embeddable":true,"href":"https:\/\/kirkkovuori.fi\/index.php?rest_route=%2Fwp%2Fv2%2Fcomments&post=33"}],"version-history":[{"count":11,"href":"https:\/\/kirkkovuori.fi\/index.php?rest_route=\/wp\/v2\/pages\/33\/revisions"}],"predecessor-version":[{"id":129,"href":"https:\/\/kirkkovuori.fi\/index.php?rest_route=\/wp\/v2\/pages\/33\/revisions\/129"}],"wp:attachment":[{"href":"https:\/\/kirkkovuori.fi\/index.php?rest_route=%2Fwp%2Fv2%2Fmedia&parent=33"}],"curies":[{"name":"wp","href":"https:\/\/api.w.org\/{rel}","templated":true}]}}