{"id":49,"date":"2025-07-05T14:03:31","date_gmt":"2025-07-05T14:03:31","guid":{"rendered":"https:\/\/kirkkovuori.fi\/?page_id=49"},"modified":"2025-07-06T17:47:07","modified_gmt":"2025-07-06T17:47:07","slug":"nfc-tagit","status":"publish","type":"page","link":"https:\/\/kirkkovuori.fi\/?page_id=49","title":{"rendered":"NFC-t\u00e4git"},"content":{"rendered":"\t\t<div data-elementor-type=\"wp-page\" data-elementor-id=\"49\" class=\"elementor elementor-49\">\n\t\t\t\t<div class=\"elementor-element elementor-element-aaa0c98 e-flex e-con-boxed e-con e-parent\" data-id=\"aaa0c98\" data-element_type=\"container\" data-settings=\"{&quot;background_background&quot;:&quot;classic&quot;}\">\n\t\t\t\t\t<div class=\"e-con-inner\">\n\t\t\t\t<div class=\"elementor-element elementor-element-d934e18 elementor-widget elementor-widget-heading\" data-id=\"d934e18\" data-element_type=\"widget\" data-widget_type=\"heading.default\">\n\t\t\t\t\t<h2 class=\"elementor-heading-title elementor-size-default\">Mitk\u00e4 ihmeen NFC-t\u00e4git?<\/h2>\t\t\t\t<\/div>\n\t\t\t\t\t<\/div>\n\t\t\t\t<\/div>\n\t\t<div class=\"elementor-element elementor-element-56c73d8 e-flex e-con-boxed e-con e-parent\" data-id=\"56c73d8\" data-element_type=\"container\">\n\t\t\t\t\t<div class=\"e-con-inner\">\n\t\t<div class=\"elementor-element elementor-element-534a6eb e-grid e-con-full e-con e-child\" data-id=\"534a6eb\" data-element_type=\"container\">\n\t\t<div class=\"elementor-element elementor-element-497894c e-con-full e-flex e-con e-child\" data-id=\"497894c\" data-element_type=\"container\">\n\t\t\t\t<div class=\"elementor-element elementor-element-85bf832 elementor-widget elementor-widget-heading\" data-id=\"85bf832\" data-element_type=\"widget\" data-widget_type=\"heading.default\">\n\t\t\t\t\t<h4 class=\"elementor-heading-title elementor-size-default\">Tarinoita t\u00e4gien takana<\/h4>\t\t\t\t<\/div>\n\t\t\t\t<div class=\"elementor-element elementor-element-b169e1e elementor-widget elementor-widget-text-editor\" data-id=\"b169e1e\" data-element_type=\"widget\" data-widget_type=\"text-editor.default\">\n\t\t\t\t\t\t\t\t\t<p>Kirkkovuoren luontomatkailualueelta voi l\u00f6yt\u00e4\u00e4 NFC-t\u00e4gej\u00e4. Niit\u00e4 on ripoteltu eri puolille aluetta, mutta kauas polulta ei tarvitse poiketa.<\/p><p>Skannaamalla t\u00e4gin omalla k\u00e4nnyk\u00e4ll\u00e4, l\u00f6yd\u00e4t koko perheelle sopivaa tietoa seudusta, palveluista ja m\u00f6r\u00f6ist\u00e4.<\/p><p>\u00a0<\/p>\t\t\t\t\t\t\t\t<\/div>\n\t\t\t\t<\/div>\n\t\t\t\t<div class=\"elementor-element elementor-element-2bedf68 elementor-widget elementor-widget-image\" data-id=\"2bedf68\" data-element_type=\"widget\" data-widget_type=\"image.default\">\n\t\t\t\t\t\t\t\t\t\t\t\t\t\t\t<img fetchpriority=\"high\" decoding=\"async\" width=\"200\" height=\"300\" src=\"https:\/\/kirkkovuori.fi\/wp-content\/uploads\/2025\/07\/LC-NFC-tagi-200x300-1.jpg\" class=\"attachment-large size-large wp-image-52\" alt=\"\" \/>\t\t\t\t\t\t\t\t\t\t\t\t\t\t\t<\/div>\n\t\t\t\t<\/div>\n\t\t<div class=\"elementor-element elementor-element-c3824a6 e-grid e-con-full e-con e-child\" data-id=\"c3824a6\" data-element_type=\"container\">\n\t\t\t\t<div class=\"elementor-element elementor-element-6177435 elementor-widget elementor-widget-image\" data-id=\"6177435\" data-element_type=\"widget\" data-widget_type=\"image.default\">\n\t\t\t\t\t\t\t\t\t\t\t\t\t\t\t<img decoding=\"async\" width=\"800\" height=\"534\" src=\"https:\/\/kirkkovuori.fi\/wp-content\/uploads\/2025\/07\/LC-NFC-Tuomo-Pola-1024x683-1.jpg\" class=\"attachment-large size-large wp-image-53\" alt=\"\" srcset=\"https:\/\/kirkkovuori.fi\/wp-content\/uploads\/2025\/07\/LC-NFC-Tuomo-Pola-1024x683-1.jpg 1024w, https:\/\/kirkkovuori.fi\/wp-content\/uploads\/2025\/07\/LC-NFC-Tuomo-Pola-1024x683-1-300x200.jpg 300w, https:\/\/kirkkovuori.fi\/wp-content\/uploads\/2025\/07\/LC-NFC-Tuomo-Pola-1024x683-1-768x512.jpg 768w\" sizes=\"(max-width: 800px) 100vw, 800px\" \/>\t\t\t\t\t\t\t\t\t\t\t\t\t\t\t<\/div>\n\t\t<div class=\"elementor-element elementor-element-ca8d8be e-con-full e-flex e-con e-child\" data-id=\"ca8d8be\" data-element_type=\"container\">\n\t\t\t\t<div class=\"elementor-element elementor-element-6b629e8 elementor-widget elementor-widget-heading\" data-id=\"6b629e8\" data-element_type=\"widget\" data-widget_type=\"heading.default\">\n\t\t\t\t\t<h4 class=\"elementor-heading-title elementor-size-default\">Miten skannaan t\u00e4gin?<\/h4>\t\t\t\t<\/div>\n\t\t\t\t<div class=\"elementor-element elementor-element-ea026e8 elementor-widget elementor-widget-text-editor\" data-id=\"ea026e8\" data-element_type=\"widget\" data-widget_type=\"text-editor.default\">\n\t\t\t\t\t\t\t\t\t<p>Laita k\u00e4nnykk\u00e4si asetuksista NFC p\u00e4\u00e4lle, t\u00e4m\u00e4n j\u00e4lkeen vie k\u00e4nnyk\u00e4n takaosa l\u00e4helle t\u00e4gi\u00e4 (noin 5 mm) ja odota hetki sivun aukeamista.<\/p><p>Testaa millaisia tarinoita t\u00e4gien takaa l\u00f6ytyy klikkaamalla viereist\u00e4 kuvaa!<\/p><p>\u00a0<\/p>\t\t\t\t\t\t\t\t<\/div>\n\t\t\t\t<\/div>\n\t\t\t\t<\/div>\n\t\t\t\t\t<\/div>\n\t\t\t\t<\/div>\n\t\t\t\t<\/div>\n\t\t","protected":false},"excerpt":{"rendered":"<p>Mitk\u00e4 ihmeen NFC-t\u00e4git? Tarinoita t\u00e4gien takana Kirkkovuoren luontomatkailualueelta voi l\u00f6yt\u00e4\u00e4 NFC-t\u00e4gej\u00e4. Niit\u00e4 on ripoteltu eri puolille aluetta, mutta kauas polulta ei tarvitse poiketa. Skannaamalla t\u00e4gin omalla k\u00e4nnyk\u00e4ll\u00e4, l\u00f6yd\u00e4t koko perheelle sopivaa tietoa seudusta, palveluista ja m\u00f6r\u00f6ist\u00e4. \u00a0 Miten skannaan t\u00e4gin? Laita k\u00e4nnykk\u00e4si asetuksista NFC p\u00e4\u00e4lle, t\u00e4m\u00e4n j\u00e4lkeen vie k\u00e4nnyk\u00e4n takaosa l\u00e4helle t\u00e4gi\u00e4 (noin 5 mm) [&hellip;]<\/p>\n","protected":false},"author":1,"featured_media":0,"parent":0,"menu_order":0,"comment_status":"closed","ping_status":"closed","template":"","meta":{"footnotes":""},"class_list":["post-49","page","type-page","status-publish","hentry"],"_links":{"self":[{"href":"https:\/\/kirkkovuori.fi\/index.php?rest_route=\/wp\/v2\/pages\/49","targetHints":{"allow":["GET"]}}],"collection":[{"href":"https:\/\/kirkkovuori.fi\/index.php?rest_route=\/wp\/v2\/pages"}],"about":[{"href":"https:\/\/kirkkovuori.fi\/index.php?rest_route=\/wp\/v2\/types\/page"}],"author":[{"embeddable":true,"href":"https:\/\/kirkkovuori.fi\/index.php?rest_route=\/wp\/v2\/users\/1"}],"replies":[{"embeddable":true,"href":"https:\/\/kirkkovuori.fi\/index.php?rest_route=%2Fwp%2Fv2%2Fcomments&post=49"}],"version-history":[{"count":11,"href":"https:\/\/kirkkovuori.fi\/index.php?rest_route=\/wp\/v2\/pages\/49\/revisions"}],"predecessor-version":[{"id":144,"href":"https:\/\/kirkkovuori.fi\/index.php?rest_route=\/wp\/v2\/pages\/49\/revisions\/144"}],"wp:attachment":[{"href":"https:\/\/kirkkovuori.fi\/index.php?rest_route=%2Fwp%2Fv2%2Fmedia&parent=49"}],"curies":[{"name":"wp","href":"https:\/\/api.w.org\/{rel}","templated":true}]}}